{"id":17982,"date":"2019-06-09T18:34:52","date_gmt":"2019-06-09T17:34:52","guid":{"rendered":"http:\/\/kmr.dialectica.se\/wp\/?page_id=17982"},"modified":"2019-06-09T18:34:52","modified_gmt":"2019-06-09T17:34:52","slug":"siffrorna-i-vara-liv","status":"publish","type":"page","link":"https:\/\/kmr.placify.me\/wp\/research\/math-rehab\/mathematical-books\/siffrorna-i-vara-liv\/","title":{"rendered":"Siffrorna i v\u00e5ra liv"},"content":{"rendered":"<p><strong><a href=\"https:\/\/www.nok.se\/titlar\/a7\/siffrorna-i-vara-liv-9837ba77\/\" target=\"_blank\" rel=\"noopener\">Hur vi anv\u00e4nder matematik utan att r\u00e4kna<\/a> <\/p>\n<p>av Stefan Buijsman, Natur &#038; Kultur, 2019<\/strong> <\/p>\n<p>\/\/\/\/\/\/\/<\/p>\n<p>This page is a sub-page of our page on <a href=\"https:\/\/kmr.placify.me\/wp\/research\/math-rehab\/mathematical-books\/\" title=\"at the KMR web site\" target=\"_blank\" rel=\"noopener\">Math Book Reviews<\/a>. <\/p>\n<p>\/\/\/\/\/\/\/ <\/p>\n<p><strong>The sub-pages of this page are<\/strong>: <\/p>\n<p>\u2022 <a href=\"https:\/\/kmr.placify.me\/wp\/research\/math-rehab\/mathematical-books\/siffrorna-i-vara-liv\/forandringsteori\/\" title=\"at the KMR web site\" target=\"_blank\" rel=\"noopener\">F\u00f6r\u00e4ndringskalkyl<\/a><br \/>\n\u2022 <a href=\"https:\/\/kmr.placify.me\/wp\/research\/math-rehab\/mathematical-books\/siffrorna-i-vara-liv\/osakerhetsteori\/\" title=\"at the KMR web site\" target=\"_blank\" rel=\"noopener\">Os\u00e4kerhetskalkyl<\/a><br \/>\n\u2022 <a href=\"https:\/\/kmr.placify.me\/wp\/research\/math-rehab\/mathematical-books\/siffrorna-i-vara-liv\/grafteori\/\" title=\"at the KMR web site\" target=\"_blank\" rel=\"noopener\">Fr\u00e5n grafteori till kategoriteori<\/a><br \/>\n\u2022 <a href=\"https:\/\/kmr.placify.me\/wp\/research\/math-rehab\/mathematical-books\/siffrorna-i-vara-liv\/abstraktioner-och-tillampningar\/\" title=\"at the KMR web site\" target=\"_blank\" rel=\"noopener\">Abstraktioner och Till\u00e4mpningar<\/a><br \/>\n\u2022 <a href=\"https:\/\/kmr.placify.me\/wp\/research\/math-rehab\/mathematical-books\/siffrorna-i-vara-liv\/kommentarer-och-utvikningar\/\" title=\"at the KMR web site\" target=\"_blank\" rel=\"noopener\">Kommentarer och Utvikningar<\/a> <\/p>\n<p>\/\/\/\/\/\/\/<\/p>\n<p>Stefan Buijsman<\/p>\n<p><a href=\"https:\/\/kmr.placify.me\/wp\/research\/math-rehab\/first-class-mathematics\/short-circuiting-learning-objects\/numbers\/representation-and-reconstruction\/\" title=\"Talen och deras Siffror i olika Baser (at the KMR web site)\" target=\"_blank\" rel=\"noopener\">Siffrorna i v\u00e5ra liv<\/a> \u2013 <a href=\"https:\/\/johncarlosbaez.wordpress.com\/2015\/03\/27\/spivak-part-1\/\" title=\"A Networked World (by David Spivak)\" target=\"_blank\" rel=\"noopener\">Hur vi anv\u00e4nder matematik utan att r\u00e4kna<\/a><\/p>\n<p><strong>Kapitelrubriker och Rymddr\u00e4ktskopplingar<\/strong>:<\/p>\n<p>Kapitel 1: <strong>Matematik runt omkring oss<\/strong><br \/>\n<strong>Rymddr\u00e4ktskopplingar<\/strong>:<br \/>\n\u2022 <a href=\"https:\/\/kmr.placify.me\/wp\/research\/math-rehab\/\" title=\"at the KMR web site\" target=\"_blank\" rel=\"noopener\">Mathematical explainatorium<\/a><br \/>\n\u2022\u00a0<a href=\"https:\/\/www.youtube.com\/watch?v=aUK2Qox7cbM\" title=\"Vad \u00e4r matematik? (Ambj\u00f6rn Naeve p\u00e5 YouTube, 2012)\" target=\"_blank\" rel=\"noopener\">Vad \u00e4r matematik?<\/a><br \/>\n\u2022\u00a0<a href=\"https:\/\/kmr.placify.me\/wp\/research\/math-rehab\/first-class-mathematics\/short-circuiting-learning-objects\/interactive-learning-objects\/figures-versus-numbers\/\" title=\"at the KMR web site\" target=\"_blank\" rel=\"noopener\">Talen och deras siffror i olika baser<\/a><\/p>\n<p>Kapitel 2: <strong>Skilda v\u00e4rldar<\/strong><br \/>\n<strong>Rymddr\u00e4ktskopplingar<\/strong>:<\/p>\n<p>Kapitel 3: <strong>Ett liv utan siffror<\/strong><br \/>\n<strong>Rymddr\u00e4ktskopplingar<\/strong>:<\/p>\n<p>Kapitel 4: <strong>Matematik f\u00f6r l\u00e4nge, l\u00e4nge sedan<\/strong><br \/>\n<strong>Rymddr\u00e4ktskopplingar<\/strong>: <\/p>\n<p>Kapitel 5: <strong>Det f\u00f6r\u00e4ndras hela tiden<\/strong><br \/>\n<strong>Rymddr\u00e4ktskopplingar<\/strong>:<br \/>\n\u2022\u00a0<a href=\"https:\/\/kmr.placify.me\/wp\/research\/math-rehab\/mathematical-books\/siffrorna-i-vara-liv\/forandringsteori\/\" title=\"at the KMR web site\" target=\"_blank\" rel=\"noopener\">F\u00f6r\u00e4ndringsteori<\/a><\/p>\n<p>Kapitel 6: <strong>Grepp om os\u00e4kerheten<\/strong><br \/>\n<strong>Rymddr\u00e4ktskopplingar<\/strong>:<br \/>\n\u2022\u00a0<a href=\"https:\/\/kmr.placify.me\/wp\/research\/math-rehab\/mathematical-books\/siffrorna-i-vara-liv\/osakerhetsteori\/\" title=\"at the KMR web site\" target=\"_blank\" rel=\"noopener\">Os\u00e4kerhetsteori<\/a><\/p>\n<p>Kapitel 7: <strong>Att vandra i tankar<\/strong><br \/>\n<strong>Rymddr\u00e4ktskopplingar<\/strong>:<br \/>\n\u2022 <a href=\"https:\/\/kmr.placify.me\/wp\/research\/math-rehab\/mathematical-books\/siffrorna-i-vara-liv\/grafteori\/\" title=\"at the KMR web site\" target=\"_blank\" rel=\"noopener\">From Graph Theory to Category Theory<\/a><br \/>\n\u2022 <a href=\"https:\/\/johncarlosbaez.wordpress.com\/2015\/03\/27\/spivak-part-1\/\" title=\"by David Spivak\" target=\"_blank\" rel=\"noopener\">A Networked World<\/a> <\/p>\n<p>Kapitel 8: <strong>Nyttan med matematik<\/strong><br \/>\n<strong>Rymddr\u00e4ktskopplingar<\/strong>:<br \/>\n\u2022 <a href=\"https:\/\/kmr.placify.me\/wp\/research\/math-rehab\/mathematical-books\/siffrorna-i-vara-liv\/abstraktioner-och-tillampningar\/\" title=\"at the KMR web site\" target=\"_blank\" rel=\"noopener\">Abstraktioner och Till\u00e4mpningar<\/a> <\/p>\n<p>\/\/\/\/\/\/\/<\/p>\n<p><strong>\u00d6versiktlig beskrivning av bokens syfte och inneh\u00e5ll<\/strong>:<\/p>\n<p>I inledningen formulerar Buijsman sitt syfte med boken:<br \/>\n1) &#8220;att visa hur nyttig och anv\u00e4ndbar matematiken \u00e4r,&#8221; och dessutom<br \/>\n2) &#8220;att g\u00f6ra detta (n\u00e4stan) helt utan formler.&#8221; <\/p>\n<p>Buijsman b\u00f6rjar med en historisk \u00f6versikt \u00f6ver r\u00e4knekonstens utveckling och ger ett intressant exempel p\u00e5 en nutida kultur som helt saknar ett talbegrepp samt diskuterar varf\u00f6r de klarar sig r\u00e4tt bra \u00e4nd\u00e5.  D\u00e4refter kommer f\u00f6rfattaren in p\u00e5 bokens huvudteman:  &#8220;<a href=\"https:\/\/kmr.placify.me\/wp\/research\/math-rehab\/mathematical-books\/siffrorna-i-vara-liv\/forandringsteori\/\" title=\"at the KMR web site\" target=\"_blank\" rel=\"noopener\">f\u00f6r\u00e4ndringsteori<\/a>&#8221; (kap 5), &#8220;<a href=\"https:\/\/kmr.placify.me\/wp\/research\/math-rehab\/mathematical-books\/siffrorna-i-vara-liv\/osakerhetsteori\/\" title=\"at the KMR web site\" target=\"_blank\" rel=\"noopener\">os\u00e4kerhetsteori<\/a>&#8221; (kap 6) och <a href=\"https:\/\/kmr.placify.me\/wp\/research\/math-rehab\/mathematical-books\/siffrorna-i-vara-liv\/grafteori\/\" title=\"at the KMR web site\" target=\"_blank\" rel=\"noopener\">grafteori<\/a> (kap 7). Det \u00e4r dessa huvudteman som jag kommer att koncentrera mig p\u00e5 i denna recension.  <\/p>\n<p>Jag kommer \u00e4ven att ta upp den tematiska tr\u00e5d som l\u00f6per genom hela boken, n\u00e4mligen den filosofiska fr\u00e5gan om <a href=\"https:\/\/kmr.placify.me\/wp\/research\/math-rehab\/mathematical-books\/siffrorna-i-vara-liv\/abstraktioner-och-tillampningar\/\" title=\"Abstraktioner och till\u00e4mpningar (p\u00e5 KMRs webbplats)\" target=\"_blank\" rel=\"noopener\">samspelet mellan det konkreta och det abstrakta<\/a>. Som Buijsman betonar \u00e4r denna fr\u00e5ga \u00e4r n\u00e4ra f\u00f6rknippad med fr\u00e5gan om huruvida matematiken &#8220;uppt\u00e4cks&#8221; (som <a href=\"https:\/\/en.wikipedia.org\/wiki\/Platonism\" title=\"at Wikipedia\" target=\"_blank\" rel=\"noopener\">platonisterna<\/a> h\u00e4vdar) eller &#8220;uppfinns&#8221; som t.ex. <a href=\"https:\/\/ohmisskate.com\/platonism-vs-formalism-in-mathematics-platonism-in-mathematics-is-the-belief-that-numbers-like-planets-are-discovered-and-not-invented\/\" title=\"Platonism versus formalism in mathematics (at https:\/\/Ohmisskate.com)\" target=\"_blank\" rel=\"noopener\">formalisterna<\/a> eller <a href=\"https:\/\/sv.wikipedia.org\/wiki\/Nominalism\" title=\"p\u00e5 Wikipedia\" target=\"_blank\" rel=\"noopener\">nominalisterna<\/a> f\u00f6redrar att tro. <\/p>\n<p>Jag har stor respekt f\u00f6r Buijsmans formelfria approach, och jag tror att den kan bidra till att s\u00e4tta matematiken p\u00e5 den filosofiska kartan och f\u00f6rst\u00e4rka det offentliga samtalet kring matematik. Men ibland leder fr\u00e5nvaron av formler till sv\u00e5righeter att precisera begreppen, vilket begr\u00e4nsar f\u00f6rst\u00e5elsen &#8211; framf\u00f6rallt av differential och integralkalkylen. Problemet f\u00f6rv\u00e4rras av den engelskspr\u00e5kliga inkonguens som <a href=\"http:\/\/www.maths.lth.se\/matematiklth\/personal\/andersk\/case4forms.pdf\" title=\"Differentiera eller derivera - det \u00e4r fr\u00e5gan! (av Anders K\u00e4ll\u00e9n, 2013)\" target=\"_blank\" rel=\"noopener\">blandar ihop begreppen <em>differentiera<\/em> och <em>derivera<\/em><\/a> och som finns n\u00e4rmare beskriven p\u00e5 min sida om <a href=\"https:\/\/kmr.placify.me\/wp\/research\/math-rehab\/mathematical-books\/siffrorna-i-vara-liv\/forandringsteori\/\" title=\"at the KMR web site\" target=\"_blank\" rel=\"noopener\">F\u00f6r\u00e4ndringsteori<\/a> som anknyter till Buijsmans kapitel 5. <\/p>\n<p>Som ett s\u00e4tt att f\u00f6rankra och f\u00f6rdjupa diskursen har jag d\u00e4rf\u00f6r f\u00f6rs\u00f6kt att illustrera hur ett formelbaserat (och webbaserat) informationslager ovanp\u00e5 de formelfria beskrivningar som boken presenterar skulle kunna se ut. Den metafor som n\u00e4rmast sammanfattar min recension av boken \u00e4r att jag har f\u00f6rs\u00f6kt att innesluta den i <a href=\"https:\/\/kmr.placify.me\/wp\/research\/math-rehab\/mathematical-books\/\" title=\"at the KMR web site\" target=\"_blank\" rel=\"noopener\">en abstrakt rymddr\u00e4kt<\/a>. Avsikten med detta \u00e4r att g\u00f6ra det m\u00f6jligt att utvidga de m\u00e5nga sp\u00e4nnande formelfria m\u00f6ten med matematik som finns beskrivna i boken med hj\u00e4lp av n\u00e5gra av de formelbaserade och abstrakta beskrivningar som s\u00e5 att s\u00e4ga &#8220;sv\u00e4var ovanf\u00f6r&#8221; de verbala.<br \/>\nI detta syfte har jag ofta anv\u00e4nt mig av l\u00e4nkar till Wikipedia och YouTube och \u00e4ven till det <a href=\"https:\/\/kmr.placify.me\/wp\/research\/math-rehab\/\" title=\"The Mathematical Explainatorium (at the KMR web site)\" target=\"_blank\" rel=\"noopener\">Matematiska F\u00f6rklaratorium<\/a> som vi (dvs. <a href=\"https:\/\/kmr.placify.me\/wp\/\" title=\"The Knowledge Management Research group\" target=\"_blank\" rel=\"noopener\">KMR-gruppen p\u00e5 KTH<\/a>) har byggt upp under mer \u00e4n tv\u00e5 decennier.<\/p>\n<p>Stefan Buijsmans bok kan ses som ett bidrag till att f\u00f6rs\u00f6ka bl\u00e5sa liv i diskursen omkring de fascinerande (och komplicerade) relationerna mellan matematiken och verkligheten.<br \/>\nI de tre tematiska kapitlen (4, 5, och 6) g\u00e5r han i n\u00e4rkamp med de underliggande matematiska begreppen via spr\u00e5ket och helt utan formler &#8211; s\u00e5 n\u00e4r som p\u00e5 en spr\u00e5klig variant av Bayes formel i kap 6. <\/p>\n<p>Resultatet \u00e4r ofta imponerande &#8211; som till exempel beskrivningen av den empiriska delen av os\u00e4kerhetsteorin i kapitel 6 och beskrivningen av abstraktionens kraft i kapitel 7 genom ber\u00e4ttelsen om grafteorins utveckling fr\u00e5n Eulers ber\u00f6mda problem om <a href=\"https:\/\/sv.wikipedia.org\/wiki\/K%C3%B6nigsbergs_sju_broar\" title=\"p\u00e5 Wikipedia\" target=\"_blank\" rel=\"noopener\">de sju broarna i K\u00f6nigsberg<\/a> till ett abstakt n\u00e4tverk av noder och b\u00e5gar &#8211; ofta f\u00f6rknippade med olika  m\u00e5tt p\u00e5 kostnader, tids\u00e5tg\u00e5ngar. etc. J\u00e4mf\u00f6relsen mellan Google Maps avst\u00e5ndsber\u00e4kningar med hj\u00e4lp av Dijkstras algorim respektive A*-algorimen \u00e4r belysande och instruktiv och leder fram till en samh\u00e4llsviktig diskussion om algoritmernas \u00f6kande inflytande \u00f6ver v\u00e5ra liv och de medf\u00f6ljande f\u00f6r- och nackdelarna med den snabba digitaliseringen och dess omvandling av samh\u00e4llets servicefunktioner till olika fl\u00f6den av ettor och nollor.  <\/p>\n<p>En svaghet med boken \u00e4r behandlingen av f\u00f6r\u00e4ndringsteorin, som inte tar upp det viktigaste resultatet inom differential- och integralkalkylen, den s.k. <a href=\"https:\/\/en.wikipedia.org\/wiki\/Fundamental_theorem_of_calculus\" title=\"The fundamental theorem of calculus (at Wikipedia)\" target=\"_blank\" rel=\"noopener\">fundamentalsatsen<\/a>. Detta f\u00e5r negativa konsekvenser f\u00f6r begripligheten i beskrivningen av fundamentalsatsens till\u00e4mpning inom sannolikhetsteorin, n\u00e5got som ledde Abraham De Moivre fram till begreppen <a href=\"https:\/\/sv.wikipedia.org\/wiki\/Sannolikhetsf%C3%B6rdelning\" title=\"p\u00e5 Wikipedia\" target=\"_blank\" rel=\"noopener\">f\u00f6rdelningsfunktion<\/a> och frekvensfunktion (eller <a href=\"https:\/\/sv.wikipedia.org\/wiki\/T%C3%A4thetsfunktion\" title=\"p\u00e5 Wikipedia\" target=\"_blank\" rel=\"noopener\">t\u00e4thetsfunktion<\/a>) f\u00f6r <a href=\"https:\/\/sv.wikipedia.org\/wiki\/Stokastisk_variabel\" title=\"p\u00e5 Wikipedia\" target=\"_blank\" rel=\"noopener\">slumpvariabler<\/a>.  <\/p>\n<p>\/\/\/\/\/\/\/<\/p>\n<p>I boken &#8220;<a href=\"http:\/\/www.librarything.com\/work\/17686957\/reviews\/156677669\" title=\"at http:\/\/www.librarything.com\/work\/17686957\/reviews\/156677669\" target=\"_blank\" rel=\"noopener\">Are Numbers Real? &#8211; The Uncanny Relationships between Mathematics and the Physical World<\/a>&#8221; intar vetenskapsjournalisten <a href=\"http:\/\/www.librarything.com\/author\/cleggbrian\" title=\"at http:\/\/www.librarything.com\/author\/cleggbrian\" target=\"_blank\" rel=\"noopener\">Brian Clegg<\/a> en &#8220;mellanliggande st\u00e5ndpunkt&#8221; mellan platonister och formalister. I det avslutande stycket av boken skriver han: <\/p>\n<p>=======<br \/>\n&#8220;As we have seen in our journey in this book, from the mathematician&#8217;s viewpoint, fractions and geometry are just the beginning of vast landscapes of awesome mathematical power and splendor. They are landscapes where mathematicians can spend their entire lifetimes exploring without ever coming across anything that could be considered to be real. Sometimes, though, the mathematical structures and mechanisms do parallel the real world. Such numbers and procedures may not actually be real, but they can still help answer our questions.<\/p>\n<p>Despite its ability for abstraction, we need to keep our practical mathematics grounded in the physical so that the language of science can speak to us all. To come back to the question in the title of the book &#8211; numbers, I would suggest, are real at their most basic, but most of mathematics isn&#8217;t. It&#8217;s a fantasy world that sometimes mirrors and parallels our own, and as such can help provide us with tools to help us understand reality. But it needs to be kept in place. And as long as we (as scientists) remember this, we can&#8217;t go far wrong.&#8221;<br \/>\n=======<\/p>\n","protected":false},"excerpt":{"rendered":"<p>Hur vi anv\u00e4nder matematik utan att r\u00e4kna av Stefan Buijsman, Natur &#038; Kultur, 2019 \/\/\/\/\/\/\/ This page is a sub-page of our page on Math Book Reviews. \/\/\/\/\/\/\/ The sub-pages of this page are: \u2022 F\u00f6r\u00e4ndringskalkyl \u2022 Os\u00e4kerhetskalkyl \u2022 Fr\u00e5n grafteori till kategoriteori \u2022 Abstraktioner och Till\u00e4mpningar \u2022 Kommentarer och Utvikningar \/\/\/\/\/\/\/ Stefan Buijsman Siffrorna &hellip; <a href=\"https:\/\/kmr.placify.me\/wp\/research\/math-rehab\/mathematical-books\/siffrorna-i-vara-liv\/\" class=\"more-link\">Continue reading <span class=\"screen-reader-text\">Siffrorna i v\u00e5ra liv<\/span> <span class=\"meta-nav\">&rarr;<\/span><\/a><\/p>\n","protected":false},"author":2,"featured_media":0,"parent":17978,"menu_order":0,"comment_status":"open","ping_status":"open","template":"","meta":{"footnotes":""},"class_list":["post-17982","page","type-page","status-publish","hentry"],"_links":{"self":[{"href":"https:\/\/kmr.placify.me\/wp\/wp-json\/wp\/v2\/pages\/17982","targetHints":{"allow":["GET"]}}],"collection":[{"href":"https:\/\/kmr.placify.me\/wp\/wp-json\/wp\/v2\/pages"}],"about":[{"href":"https:\/\/kmr.placify.me\/wp\/wp-json\/wp\/v2\/types\/page"}],"author":[{"embeddable":true,"href":"https:\/\/kmr.placify.me\/wp\/wp-json\/wp\/v2\/users\/2"}],"replies":[{"embeddable":true,"href":"https:\/\/kmr.placify.me\/wp\/wp-json\/wp\/v2\/comments?post=17982"}],"version-history":[{"count":0,"href":"https:\/\/kmr.placify.me\/wp\/wp-json\/wp\/v2\/pages\/17982\/revisions"}],"up":[{"embeddable":true,"href":"https:\/\/kmr.placify.me\/wp\/wp-json\/wp\/v2\/pages\/17978"}],"wp:attachment":[{"href":"https:\/\/kmr.placify.me\/wp\/wp-json\/wp\/v2\/media?parent=17982"}],"curies":[{"name":"wp","href":"https:\/\/api.w.org\/{rel}","templated":true}]}}